{"id":593,"date":"2024-03-11T12:51:28","date_gmt":"2024-03-11T12:51:28","guid":{"rendered":"http:\/\/lesbulles-italia.it\/?page_id=593"},"modified":"2024-04-23T13:21:30","modified_gmt":"2024-04-23T13:21:30","slug":"visione","status":"publish","type":"page","link":"https:\/\/lesbulles-italia.it\/fr\/visione\/","title":{"rendered":"Vision"},"content":{"rendered":"<div data-elementor-type=\"wp-page\" data-elementor-id=\"593\" class=\"elementor elementor-593\" data-elementor-post-type=\"page\">\n\t\t\t\t<div class=\"elementor-element elementor-element-32c996c e-flex e-con-boxed wpr-particle-no wpr-jarallax-no wpr-parallax-no wpr-sticky-section-no e-con e-parent\" data-id=\"32c996c\" data-element_type=\"container\" data-e-type=\"container\" data-settings=\"{&quot;background_background&quot;:&quot;slideshow&quot;,&quot;background_slideshow_gallery&quot;:[],&quot;background_slideshow_loop&quot;:&quot;yes&quot;,&quot;background_slideshow_slide_duration&quot;:5000,&quot;background_slideshow_slide_transition&quot;:&quot;fade&quot;,&quot;background_slideshow_transition_duration&quot;:500}\">\n\t\t\t\t\t<div class=\"e-con-inner\">\n\t\t\t\t<div class=\"elementor-element elementor-element-c54bccb elementor-widget elementor-widget-image-carousel\" data-id=\"c54bccb\" data-element_type=\"widget\" data-e-type=\"widget\" data-settings=\"{&quot;slides_to_show&quot;:&quot;1&quot;,&quot;navigation&quot;:&quot;none&quot;,&quot;pause_on_hover&quot;:&quot;no&quot;,&quot;effect&quot;:&quot;fade&quot;,&quot;speed&quot;:5000,&quot;autoplay&quot;:&quot;yes&quot;,&quot;pause_on_interaction&quot;:&quot;yes&quot;,&quot;autoplay_speed&quot;:5000,&quot;infinite&quot;:&quot;yes&quot;}\" data-widget_type=\"image-carousel.default\">\n\t\t\t\t<div class=\"elementor-widget-container\">\n\t\t\t\t\t\t\t<div class=\"elementor-image-carousel-wrapper swiper\" role=\"region\" aria-roledescription=\"carousel\" aria-label=\"Carrousel d\u2019images\" dir=\"ltr\">\n\t\t\t<div class=\"elementor-image-carousel swiper-wrapper\" aria-live=\"off\">\n\t\t\t\t\t\t\t\t<div class=\"swiper-slide\" role=\"group\" aria-roledescription=\"slide\" aria-label=\"1 sur 4\"><figure class=\"swiper-slide-inner\"><img decoding=\"async\" class=\"swiper-slide-image\" src=\"https:\/\/lesbulles-italia.it\/wp-content\/uploads\/2024\/03\/Tavola-disegno-22-50.jpg\" alt=\"Tavola disegno 22-50\" \/><\/figure><\/div><div class=\"swiper-slide\" role=\"group\" aria-roledescription=\"slide\" aria-label=\"2 sur 4\"><figure class=\"swiper-slide-inner\"><img decoding=\"async\" class=\"swiper-slide-image\" src=\"https:\/\/lesbulles-italia.it\/wp-content\/uploads\/2024\/03\/Tavola-disegno-5-50.jpg\" alt=\"Tavola disegno 5-50\" \/><\/figure><\/div><div class=\"swiper-slide\" role=\"group\" aria-roledescription=\"slide\" aria-label=\"3 sur 4\"><figure class=\"swiper-slide-inner\"><img decoding=\"async\" class=\"swiper-slide-image\" src=\"https:\/\/lesbulles-italia.it\/wp-content\/uploads\/2024\/03\/Tavola-disegno-14_4-50.jpg\" alt=\"Tavola disegno 14_4-50\" \/><\/figure><\/div><div class=\"swiper-slide\" role=\"group\" aria-roledescription=\"slide\" aria-label=\"4 sur 4\"><figure class=\"swiper-slide-inner\"><img decoding=\"async\" class=\"swiper-slide-image\" src=\"https:\/\/lesbulles-italia.it\/wp-content\/uploads\/2024\/03\/Tavola-disegno-14_3-50.jpg\" alt=\"Tavola disegno 14_3-50\" \/><\/figure><\/div>\t\t\t<\/div>\n\t\t\t\t\t\t\t\n\t\t\t\t\t\t\t\t\t<\/div>\n\t\t\t\t\t\t<\/div>\n\t\t\t\t<\/div>\n\t\t\t\t\t<\/div>\n\t\t\t\t<\/div>\n\t\t<div class=\"elementor-element elementor-element-2cd68d5d animated-slow e-flex e-con-boxed wpr-particle-no wpr-jarallax-no wpr-parallax-no wpr-sticky-section-no e-con e-parent\" data-id=\"2cd68d5d\" data-element_type=\"container\" data-e-type=\"container\" data-settings=\"{&quot;motion_fx_motion_fx_scrolling&quot;:&quot;yes&quot;,&quot;motion_fx_translateY_effect&quot;:&quot;yes&quot;,&quot;motion_fx_translateY_speed&quot;:{&quot;unit&quot;:&quot;px&quot;,&quot;size&quot;:7.2,&quot;sizes&quot;:[]},&quot;animation&quot;:&quot;none&quot;,&quot;motion_fx_translateY_affectedRange&quot;:{&quot;unit&quot;:&quot;%&quot;,&quot;size&quot;:&quot;&quot;,&quot;sizes&quot;:{&quot;start&quot;:0,&quot;end&quot;:100}},&quot;motion_fx_devices&quot;:[&quot;desktop&quot;,&quot;tablet&quot;,&quot;mobile&quot;]}\">\n\t\t\t\t\t<div class=\"e-con-inner\">\n\t\t<div class=\"elementor-element elementor-element-727c77f4 e-flex e-con-boxed wpr-particle-no wpr-jarallax-no wpr-parallax-no wpr-sticky-section-no e-con e-child\" data-id=\"727c77f4\" data-element_type=\"container\" data-e-type=\"container\" data-settings=\"{&quot;background_background&quot;:&quot;classic&quot;}\">\n\t\t\t\t\t<div class=\"e-con-inner\">\n\t\t\t\t<div class=\"elementor-element elementor-element-185a1fb9 elementor-widget__width-inherit elementor-absolute elementor-hidden-tablet elementor-hidden-mobile elementor-invisible elementor-widget elementor-widget-image\" data-id=\"185a1fb9\" data-element_type=\"widget\" data-e-type=\"widget\" data-settings=\"{&quot;_position&quot;:&quot;absolute&quot;,&quot;_animation&quot;:&quot;jello&quot;}\" data-widget_type=\"image.default\">\n\t\t\t\t<div class=\"elementor-widget-container\">\n\t\t\t\t\t<style>.elementor-element-185a1fb9{display:none !important}<\/style>\t\t\t\t<\/div>\n\t\t\t\t<\/div>\n\t\t\t\t<div class=\"elementor-element elementor-element-5590ea55 elementor-invisible elementor-widget elementor-widget-heading\" data-id=\"5590ea55\" data-element_type=\"widget\" data-e-type=\"widget\" data-settings=\"{&quot;_animation&quot;:&quot;fadeIn&quot;}\" data-widget_type=\"heading.default\">\n\t\t\t\t<div class=\"elementor-widget-container\">\n\t\t\t\t\t<h2 class=\"elementor-heading-title elementor-size-default\">Vision<\/h2>\t\t\t\t<\/div>\n\t\t\t\t<\/div>\n\t\t\t\t<div class=\"elementor-element elementor-element-7f2d1e64 elementor-invisible elementor-widget elementor-widget-text-editor\" data-id=\"7f2d1e64\" data-element_type=\"widget\" data-e-type=\"widget\" data-settings=\"{&quot;_animation&quot;:&quot;fadeInDown&quot;,&quot;_animation_delay&quot;:400}\" data-widget_type=\"text-editor.default\">\n\t\t\t\t<div class=\"elementor-widget-container\">\n\t\t\t\t\t\t\t\t\t\/vi-sion\/\t\t\t\t\t\t\t\t<\/div>\n\t\t\t\t<\/div>\n\t\t\t\t<div class=\"elementor-element elementor-element-4a367fc2 elementor-invisible elementor-widget elementor-widget-text-editor\" data-id=\"4a367fc2\" data-element_type=\"widget\" data-e-type=\"widget\" data-settings=\"{&quot;_animation&quot;:&quot;fadeIn&quot;,&quot;_animation_delay&quot;:500}\" data-widget_type=\"text-editor.default\">\n\t\t\t\t<div class=\"elementor-widget-container\">\n\t\t\t\t\t\t\t\t\t<ol><li><em><span style=\"text-decoration: line-through;\">Perception des stimuli lumineux : voir proche, lointain, clair, distinct, direct, indirect.<\/span><\/em><\/li><li><em>ESTENS: <\/em><em>fa\u00e7on de voir, concept ou id\u00e9e personnelle que l'on se fait de quelque chose.<\/em><\/li><\/ol>\t\t\t\t\t\t\t\t<\/div>\n\t\t\t\t<\/div>\n\t\t\t\t<div class=\"elementor-element elementor-element-f7bf44e elementor-widget elementor-widget-text-editor\" data-id=\"f7bf44e\" data-element_type=\"widget\" data-e-type=\"widget\" data-widget_type=\"text-editor.default\">\n\t\t\t\t<div class=\"elementor-widget-container\">\n\t\t\t\t\t\t\t\t\t<p style=\"font-weight: 400;\">Lorsque l\u2019on a commenc\u00e9 \u00e0 s\u2019occuper du vin, le monde du Champagne \u00e9tait profond\u00e9ment diff\u00e9rent de celui que nous connaissons aujourd\u2019hui. Domin\u00e9e par les grandes et puissantes <em>Maison<\/em>, il avait un r\u00e9cit presque totalement d\u00e9tach\u00e9 de celui du vignoble et renon\u00e7ait \u00e0 d\u00e9crire les d\u00e9clinaisons territoriales au profit des marques. \u00c0 de rares exceptions pr\u00e8s, le march\u00e9 \u00e9tait inond\u00e9 de cuv\u00e9es : des assemblages de diff\u00e9rents c\u00e9pages et mill\u00e9simes qui devaient donner un r\u00e9sultat final le plus homog\u00e8ne possible. Plus proche au \u00ab nez \u00bb qui cr\u00e9e les parfums qu'au vigneron, le \u201c<em>Chef de cave<\/em>\u201d \u00e9tait la figure au centre du projet : le deus ex machina charg\u00e9 de \u00ab cr\u00e9er \u00bb un style et de le rendre reconnaissable \u00e0 travers le temps.<\/p><p style=\"font-weight: 400;\" class=\"translation-block\">Tout semblait aller de l\u2019avant sans grandes secousses quand quelque chose d\u2019inattendu s\u2019est pass\u00e9e. L'arriv\u00e9e sur sc\u00e8ne du \"<em>r\u00e9coltant manipulateur<\/em>\", un groupe de <em>petits vignerons<\/em> aguerri capables de modifier l'id\u00e9e m\u00eame de ce vin embl\u00e9matique, a litt\u00e9ralement chang\u00e9 le cours de l'histoire du Champagne. Plus encore : on pourrait dire que nous sommes pass\u00e9s du \u00ab le \u00bb Champagne au singulier \u00e0 \u00ab les \u00bb Champagne, exprim\u00e9e de mani\u00e8re de plus en plus plurielle, h\u00e9t\u00e9rog\u00e8ne et diff\u00e9renci\u00e9e. Une niche dont les num\u00e9ros sont tr\u00e8s r\u00e9duits par rapport \u00e0 ceux des <em>Maisons<\/em>, mais dont la port\u00e9e est immense sur le plan stylistique, environnemental, g\u00e9ographique et dans un certain sens politique aussi. Une v\u00e9ritable r\u00e9volution, que nous aimons d\u00e9crire comme le concept de Champagne 3.0, passionnante pour nous et capable de nous entra\u00eener dans la plus profonde investigation au c\u0153ur du projet <strong>Les Bulles<\/strong>.<\/p><p style=\"font-weight: 400;\">Le r\u00e9sultat est un monde color\u00e9 et onirique, anim\u00e9 par de petits vignerons qui interpr\u00e8tent leur travail avec passion, sensibilit\u00e9 et vision. La s\u00e9lection s'est faite avec eux et pour eux. Dans le vignoble, ils ont une approche totalement diff\u00e9rente de celle du pass\u00e9 : ils suivent pour la plupart les principes de l'agriculture biologique ou biodynamique et en dans tous les cas ils sont tr\u00e8s attentifs au d\u00e9veloppement durable et au respect de la nature. L'origine des raisins est \u00e9galement tr\u00e8s importante, \u00e0 l'avantage d'identifier des Champagnes qui respirent l'\u00e2me du terroir.<\/p><p style=\"font-weight: 400;\" class=\"translation-block\"><span style=\"font-weight: 400\">M\u00eame dans les autres proc\u00e9d\u00e9s en caves, ils suivent la piste artisanale, au nom d'interventions de plus en plus respectueuses du caract\u00e8re des raisins et de la saveur des vins : pas de chaptalisation des mo\u00fbts et faibles dosages finaux, fermentations spontan\u00e9es, utilisation des vins de r\u00e9serve (pas si rare la m\u00e9thode solera), moins de pression dans la bouteille pour un <em>perlage<\/em> plus cr\u00e9meux et plus \u00e9quilibr\u00e9, utilisation de diff\u00e9rents r\u00e9cipients pour le vieillissement des vins de base (f\u00fbts en bois, \u0153ufs en ciment, amphores, etc.).<\/span><\/p>\t\t\t\t\t\t\t\t<\/div>\n\t\t\t\t<\/div>\n\t\t\t\t\t<\/div>\n\t\t\t\t<\/div>\n\t\t\t\t<div class=\"elementor-element elementor-element-4fe60bbb elementor-absolute e-transform elementor-hidden-tablet elementor-hidden-mobile elementor-widget elementor-widget-image\" data-id=\"4fe60bbb\" data-element_type=\"widget\" data-e-type=\"widget\" data-settings=\"{&quot;_position&quot;:&quot;absolute&quot;,&quot;motion_fx_motion_fx_scrolling&quot;:&quot;yes&quot;,&quot;motion_fx_translateY_effect&quot;:&quot;yes&quot;,&quot;motion_fx_translateY_direction&quot;:&quot;negative&quot;,&quot;motion_fx_translateX_effect&quot;:&quot;yes&quot;,&quot;motion_fx_translateX_direction&quot;:&quot;negative&quot;,&quot;motion_fx_translateX_speed&quot;:{&quot;unit&quot;:&quot;px&quot;,&quot;size&quot;:0.9,&quot;sizes&quot;:[]},&quot;motion_fx_rotateZ_effect&quot;:&quot;yes&quot;,&quot;motion_fx_rotateZ_speed&quot;:{&quot;unit&quot;:&quot;px&quot;,&quot;size&quot;:0.4,&quot;sizes&quot;:[]},&quot;_transform_rotateZ_effect&quot;:{&quot;unit&quot;:&quot;px&quot;,&quot;size&quot;:-45,&quot;sizes&quot;:[]},&quot;motion_fx_translateY_speed&quot;:{&quot;unit&quot;:&quot;px&quot;,&quot;size&quot;:4,&quot;sizes&quot;:[]},&quot;motion_fx_translateY_affectedRange&quot;:{&quot;unit&quot;:&quot;%&quot;,&quot;size&quot;:&quot;&quot;,&quot;sizes&quot;:{&quot;start&quot;:0,&quot;end&quot;:100}},&quot;motion_fx_translateX_affectedRange&quot;:{&quot;unit&quot;:&quot;%&quot;,&quot;size&quot;:&quot;&quot;,&quot;sizes&quot;:{&quot;start&quot;:0,&quot;end&quot;:100}},&quot;motion_fx_rotateZ_affectedRange&quot;:{&quot;unit&quot;:&quot;%&quot;,&quot;size&quot;:&quot;&quot;,&quot;sizes&quot;:{&quot;start&quot;:0,&quot;end&quot;:100}},&quot;motion_fx_devices&quot;:[&quot;desktop&quot;,&quot;tablet&quot;,&quot;mobile&quot;],&quot;_transform_rotateZ_effect_tablet&quot;:{&quot;unit&quot;:&quot;deg&quot;,&quot;size&quot;:&quot;&quot;,&quot;sizes&quot;:[]},&quot;_transform_rotateZ_effect_mobile&quot;:{&quot;unit&quot;:&quot;deg&quot;,&quot;size&quot;:&quot;&quot;,&quot;sizes&quot;:[]}}\" data-widget_type=\"image.default\">\n\t\t\t\t<div class=\"elementor-widget-container\">\n\t\t\t\t\t\t\t\t\t\t\t\t\t\t\t<img fetchpriority=\"high\" decoding=\"async\" width=\"275\" height=\"1024\" src=\"https:\/\/lesbulles-italia.it\/wp-content\/uploads\/2024\/03\/schizzo4-275x1024.png\" class=\"attachment-large size-large wp-image-336\" alt=\"\" srcset=\"https:\/\/lesbulles-italia.it\/wp-content\/uploads\/2024\/03\/schizzo4-275x1024.png 275w, https:\/\/lesbulles-italia.it\/wp-content\/uploads\/2024\/03\/schizzo4-413x1536.png 413w, https:\/\/lesbulles-italia.it\/wp-content\/uploads\/2024\/03\/schizzo4.png 430w\" sizes=\"(max-width: 275px) 100vw, 275px\" \/>\t\t\t\t\t\t\t\t\t\t\t\t\t\t\t<\/div>\n\t\t\t\t<\/div>\n\t\t\t\t\t<\/div>\n\t\t\t\t<\/div>\n\t\t\t\t<\/div>","protected":false},"excerpt":{"rendered":"<p>Visione \/vi\u00b7\u1e63i\u00f3\u00b7ne\/ Percezione degli stimoli luminosi: v. vicina, lontana, chiara, distinta, diretta, indiretta. ESTENS: modo di vedere, concetto o idea personale che si ha in merito a qualcosa. Quando abbiamo iniziato ad occuparci di vino, il mondo dello Champagne era profondamente diverso da quello che conosciamo oggi. Dominato dalle grandi e potenti Maison, aveva una narrazione quasi totalmente svincolata da quella della vigna e rinunciava a raccontare le declinazioni territoriali a favore dei brand. A parte rare eccezioni, il mercato era inondato di cuv\u00e9e: assemblaggi di uve e annate diverse che dovevano dare un risultato finale quanto pi\u00f9 omogeneo possibile. Pi\u00f9 simile al \u201cnaso\u201d che crea i profumi che al vignaiolo, lo \u201cChef de cave\u201d era la figura al centro del progetto: il deus ex machina col compito di \u201ccreare\u201d uno stile e renderlo riconoscibile nel tempo. Tutto sembrava andare avanti senza grandi sussulti quando \u00e8 successo qualcosa di inaspettato. L\u2019entrata in scena dei \u201cr\u00e9coltant manipulant\u201d, una schiera di piccoli vigneron agguerriti capaci di modificare l\u2019idea stessa di questo vino iconico, ha letteralmente cambiato il corso della storia dello Champagne. Di pi\u00f9: potremmo dire che si \u00e8 passati da \u201clo\u201d Champagne al singolare a \u201cgli\u201d Champagne, declinati in maniera sempre pi\u00f9 plurale, eterogenea e differenziata. \u00a0Una nicchia i cui numeri sono molto piccoli, rispetto a quelli delle Maison, ma la cui portata \u00e8 immensa sul piano stilistico, ambientale, geografico e in un certo senso politico. Una vera e propria rivoluzione, che amiamo racchiudere nel concetto di Champagne 3.0, per noi entusiasmante e capace di trascinarci nella profonda indagine del progetto Les Bulles. Ne \u00e8 venuto fuori un mondo colorato e variopinto, animato da piccoli vignaioli che interpretano il loro lavoro con passione, sensibilit\u00e0 e visione. La selezione \u00e8 stata fatta con loro e per loro. In vigna hanno un approccio totalmente diverso rispetto al passato: spesso seguono i dettami dell\u2019agricoltura biologica o biodinamica e in ogni caso sono molto attenti alla sostenibilit\u00e0 e al rispetto della natura. Anche la provenienza delle uve \u00e8 molto importante, a tutto vantaggio di Champagne identitari che respirano l\u2019anima del terroir. Anche nelle altre pratiche di cantina seguono la scia artigianale, nel segno di interventi sempre pi\u00f9 rispettosi del carattere delle uve e del sapore dei vini: niente zuccheraggio dei mosti e bassi dosaggi finali, fermentazioni spontanee, uso di vini di riserva (non di raro da metodo solera), minor pressione in bottiglia per un perlage pi\u00f9 cremoso ed equilibrato, uso di diversi contenitori per la maturazione dei vini base (botti di legno, uova di cemento, anfore, etc).<\/p>","protected":false},"author":1,"featured_media":0,"parent":0,"menu_order":0,"comment_status":"closed","ping_status":"closed","template":"","meta":{"footnotes":""},"class_list":["post-593","page","type-page","status-publish","hentry"],"_links":{"self":[{"href":"https:\/\/lesbulles-italia.it\/fr\/wp-json\/wp\/v2\/pages\/593","targetHints":{"allow":["GET"]}}],"collection":[{"href":"https:\/\/lesbulles-italia.it\/fr\/wp-json\/wp\/v2\/pages"}],"about":[{"href":"https:\/\/lesbulles-italia.it\/fr\/wp-json\/wp\/v2\/types\/page"}],"author":[{"embeddable":true,"href":"https:\/\/lesbulles-italia.it\/fr\/wp-json\/wp\/v2\/users\/1"}],"replies":[{"embeddable":true,"href":"https:\/\/lesbulles-italia.it\/fr\/wp-json\/wp\/v2\/comments?post=593"}],"version-history":[{"count":37,"href":"https:\/\/lesbulles-italia.it\/fr\/wp-json\/wp\/v2\/pages\/593\/revisions"}],"predecessor-version":[{"id":1285,"href":"https:\/\/lesbulles-italia.it\/fr\/wp-json\/wp\/v2\/pages\/593\/revisions\/1285"}],"wp:attachment":[{"href":"https:\/\/lesbulles-italia.it\/fr\/wp-json\/wp\/v2\/media?parent=593"}],"curies":[{"name":"wp","href":"https:\/\/api.w.org\/{rel}","templated":true}]}}