{"id":303,"date":"2024-03-07T08:21:24","date_gmt":"2024-03-07T08:21:24","guid":{"rendered":"http:\/\/lesbulles-italia.it\/?page_id=303"},"modified":"2024-04-23T07:25:12","modified_gmt":"2024-04-23T07:25:12","slug":"identita-2","status":"publish","type":"page","link":"https:\/\/lesbulles-italia.it\/fr\/identita-2\/","title":{"rendered":"Identit\u00e9"},"content":{"rendered":"<div data-elementor-type=\"wp-page\" data-elementor-id=\"303\" class=\"elementor elementor-303\" data-elementor-post-type=\"page\">\n\t\t\t\t<div class=\"elementor-element elementor-element-32c996c e-flex e-con-boxed wpr-particle-no wpr-jarallax-no wpr-parallax-no wpr-sticky-section-no e-con e-parent\" data-id=\"32c996c\" data-element_type=\"container\" data-e-type=\"container\" data-settings=\"{&quot;background_background&quot;:&quot;slideshow&quot;,&quot;background_slideshow_gallery&quot;:[],&quot;background_slideshow_loop&quot;:&quot;yes&quot;,&quot;background_slideshow_slide_duration&quot;:5000,&quot;background_slideshow_slide_transition&quot;:&quot;fade&quot;,&quot;background_slideshow_transition_duration&quot;:500}\">\n\t\t\t\t\t<div class=\"e-con-inner\">\n\t\t\t\t<div class=\"elementor-element elementor-element-65e665a elementor-widget elementor-widget-image-carousel\" data-id=\"65e665a\" data-element_type=\"widget\" data-e-type=\"widget\" data-settings=\"{&quot;slides_to_show&quot;:&quot;1&quot;,&quot;navigation&quot;:&quot;none&quot;,&quot;pause_on_hover&quot;:&quot;no&quot;,&quot;speed&quot;:25000,&quot;infinite&quot;:&quot;no&quot;,&quot;autoplay&quot;:&quot;yes&quot;,&quot;pause_on_interaction&quot;:&quot;yes&quot;,&quot;effect&quot;:&quot;slide&quot;}\" data-widget_type=\"image-carousel.default\">\n\t\t\t\t<div class=\"elementor-widget-container\">\n\t\t\t\t\t\t\t<div class=\"elementor-image-carousel-wrapper swiper\" role=\"region\" aria-roledescription=\"carousel\" aria-label=\"Carosello d&#039;immagini\" dir=\"ltr\">\n\t\t\t<div class=\"elementor-image-carousel swiper-wrapper\" aria-live=\"off\">\n\t\t\t\t\t\t\t\t<div class=\"swiper-slide\" role=\"group\" aria-roledescription=\"slide\" aria-label=\"1 di 2\"><figure class=\"swiper-slide-inner\"><img decoding=\"async\" class=\"swiper-slide-image\" src=\"https:\/\/lesbulles-italia.it\/wp-content\/uploads\/2024\/03\/Tavola-disegno-1_1-50.jpg\" alt=\"Tavola disegno 1_1-50\" \/><\/figure><\/div><div class=\"swiper-slide\" role=\"group\" aria-roledescription=\"slide\" aria-label=\"2 di 2\"><figure class=\"swiper-slide-inner\"><img decoding=\"async\" class=\"swiper-slide-image\" src=\"https:\/\/lesbulles-italia.it\/wp-content\/uploads\/2024\/03\/Tavola-disegno-1-50.jpg\" alt=\"Tavola disegno 1-50\" \/><\/figure><\/div>\t\t\t<\/div>\n\t\t\t\t\t\t\t\n\t\t\t\t\t\t\t\t\t<\/div>\n\t\t\t\t\t\t<\/div>\n\t\t\t\t<\/div>\n\t\t\t\t\t<\/div>\n\t\t\t\t<\/div>\n\t\t<div class=\"elementor-element elementor-element-af59c42 animated-slow e-flex e-con-boxed wpr-particle-no wpr-jarallax-no wpr-parallax-no wpr-sticky-section-no e-con e-parent\" data-id=\"af59c42\" data-element_type=\"container\" data-e-type=\"container\" data-settings=\"{&quot;motion_fx_motion_fx_scrolling&quot;:&quot;yes&quot;,&quot;motion_fx_translateY_effect&quot;:&quot;yes&quot;,&quot;motion_fx_translateY_speed&quot;:{&quot;unit&quot;:&quot;px&quot;,&quot;size&quot;:7.2,&quot;sizes&quot;:[]},&quot;animation&quot;:&quot;none&quot;,&quot;motion_fx_translateY_affectedRange&quot;:{&quot;unit&quot;:&quot;%&quot;,&quot;size&quot;:&quot;&quot;,&quot;sizes&quot;:{&quot;start&quot;:0,&quot;end&quot;:100}},&quot;motion_fx_devices&quot;:[&quot;desktop&quot;,&quot;tablet&quot;,&quot;mobile&quot;]}\">\n\t\t\t\t\t<div class=\"e-con-inner\">\n\t\t<div class=\"elementor-element elementor-element-d4481a6 e-flex e-con-boxed wpr-particle-no wpr-jarallax-no wpr-parallax-no wpr-sticky-section-no e-con e-child\" data-id=\"d4481a6\" data-element_type=\"container\" data-e-type=\"container\" data-settings=\"{&quot;background_background&quot;:&quot;classic&quot;}\">\n\t\t\t\t\t<div class=\"e-con-inner\">\n\t\t\t\t<div class=\"elementor-element elementor-element-4aa4879 elementor-widget__width-inherit elementor-absolute elementor-hidden-tablet elementor-hidden-mobile elementor-invisible elementor-widget elementor-widget-image\" data-id=\"4aa4879\" data-element_type=\"widget\" data-e-type=\"widget\" data-settings=\"{&quot;_position&quot;:&quot;absolute&quot;,&quot;_animation&quot;:&quot;jello&quot;}\" data-widget_type=\"image.default\">\n\t\t\t\t<div class=\"elementor-widget-container\">\n\t\t\t\t\t<style>.elementor-element-4aa4879{display:none !important}<\/style>\t\t\t\t<\/div>\n\t\t\t\t<\/div>\n\t\t\t\t<div class=\"elementor-element elementor-element-ccee51f elementor-invisible elementor-widget elementor-widget-heading\" data-id=\"ccee51f\" data-element_type=\"widget\" data-e-type=\"widget\" data-settings=\"{&quot;_animation&quot;:&quot;fadeIn&quot;}\" data-widget_type=\"heading.default\">\n\t\t\t\t<div class=\"elementor-widget-container\">\n\t\t\t\t\t<h2 class=\"elementor-heading-title elementor-size-default\">Identite'<\/h2>\t\t\t\t<\/div>\n\t\t\t\t<\/div>\n\t\t\t\t<div class=\"elementor-element elementor-element-4e926c1 elementor-invisible elementor-widget elementor-widget-text-editor\" data-id=\"4e926c1\" data-element_type=\"widget\" data-e-type=\"widget\" data-settings=\"{&quot;_animation&quot;:&quot;fadeInDown&quot;,&quot;_animation_delay&quot;:100}\" data-widget_type=\"text-editor.default\">\n\t\t\t\t<div class=\"elementor-widget-container\">\n\t\t\t\t\t\t\t\t\t\/i\u00b7den\u00b7ti\u00b7t\u00e9\/\t\t\t\t\t\t\t\t<\/div>\n\t\t\t\t<\/div>\n\t\t\t\t<div class=\"elementor-element elementor-element-9b1a90c elementor-invisible elementor-widget elementor-widget-text-editor\" data-id=\"9b1a90c\" data-element_type=\"widget\" data-e-type=\"widget\" data-settings=\"{&quot;_animation&quot;:&quot;fadeIn&quot;,&quot;_animation_delay&quot;:500}\" data-widget_type=\"text-editor.default\">\n\t\t\t\t<div class=\"elementor-widget-container\">\n\t\t\t\t\t\t\t\t\t<p><i>L'ensemble des donn\u00e9es caract\u00e9ristiques et fondamentales qui permettent l'identification ou garantissent l'authenticit\u00e9 et l'unicit\u00e9.<\/i><\/p>\t\t\t\t\t\t\t\t<\/div>\n\t\t\t\t<\/div>\n\t\t\t\t<div class=\"elementor-element elementor-element-ce4765c elementor-widget elementor-widget-text-editor\" data-id=\"ce4765c\" data-element_type=\"widget\" data-e-type=\"widget\" data-widget_type=\"text-editor.default\">\n\t\t\t\t<div class=\"elementor-widget-container\">\n\t\t\t\t\t\t\t\t\t<div><p>L'importance des racines, la particularit\u00e9 des terroirs, une interpr\u00e9tation stylistique et un caract\u00e8re reconnaissable : tels sont les principaux ingr\u00e9dients que nous recherchons dans chaque bouteille s\u00e9lectionn\u00e9e. Chacune est le r\u00e9sultat d'\u00e9tudes, d'investigations, de d\u00e9couvertes et de connaissances directes, ainsi que d'\u00e9changes et de discussions avec les vignerons.<\/p><\/div><p>L'aspect humain est \u00e9galement important : nous aimons entrer en relation avec des personnes avec qui nous nous sentons en harmonie, qui partagent la m\u00eame vision que nous et une id\u00e9e pr\u00e9cise du vin. Avec une grande attention, nous observons les nouvelles g\u00e9n\u00e9rations, celles qui veulent interpr\u00e9ter leur propre chemin de mani\u00e8re contemporaine, en se lib\u00e9rant des cages interpr\u00e9tatives du pass\u00e9. Sans d\u00e9naturer les projets, mais en les accompagnant vers l'avenir. Nous nous sentons partie d'une r\u00e9volution, faite de jeunes talents qui se mettent en jeu et \u00e9crivent de nouvelles pages.<i><\/i><\/p><p>L'objectif final de\u00a0<b>Les Bulles\u00a0<\/b>est celui de cr\u00e9er une proposition originale de Champagne et autres bulles fran\u00e7aises, \u00e0 distribuer en Italie \u00e0 ceux qui recherchent le meilleur. Saveurs et ar\u00f4mes, territoires et personnages capables de susciter des \u00e9motions, en nous accompagnant dans un voyage de plus en plus authentique et passionnant.<\/p>\t\t\t\t\t\t\t\t<\/div>\n\t\t\t\t<\/div>\n\t\t\t\t\t<\/div>\n\t\t\t\t<\/div>\n\t\t\t\t<div class=\"elementor-element elementor-element-da9e55e elementor-absolute e-transform elementor-hidden-tablet elementor-hidden-mobile elementor-widget elementor-widget-image\" data-id=\"da9e55e\" data-element_type=\"widget\" data-e-type=\"widget\" data-settings=\"{&quot;_position&quot;:&quot;absolute&quot;,&quot;motion_fx_motion_fx_scrolling&quot;:&quot;yes&quot;,&quot;motion_fx_translateY_effect&quot;:&quot;yes&quot;,&quot;motion_fx_translateY_direction&quot;:&quot;negative&quot;,&quot;motion_fx_translateX_effect&quot;:&quot;yes&quot;,&quot;motion_fx_translateX_direction&quot;:&quot;negative&quot;,&quot;motion_fx_translateX_speed&quot;:{&quot;unit&quot;:&quot;px&quot;,&quot;size&quot;:0.9,&quot;sizes&quot;:[]},&quot;motion_fx_rotateZ_effect&quot;:&quot;yes&quot;,&quot;motion_fx_rotateZ_speed&quot;:{&quot;unit&quot;:&quot;px&quot;,&quot;size&quot;:0.4,&quot;sizes&quot;:[]},&quot;_transform_rotateZ_effect&quot;:{&quot;unit&quot;:&quot;px&quot;,&quot;size&quot;:-45,&quot;sizes&quot;:[]},&quot;motion_fx_translateY_speed&quot;:{&quot;unit&quot;:&quot;px&quot;,&quot;size&quot;:4,&quot;sizes&quot;:[]},&quot;motion_fx_translateY_affectedRange&quot;:{&quot;unit&quot;:&quot;%&quot;,&quot;size&quot;:&quot;&quot;,&quot;sizes&quot;:{&quot;start&quot;:0,&quot;end&quot;:100}},&quot;motion_fx_translateX_affectedRange&quot;:{&quot;unit&quot;:&quot;%&quot;,&quot;size&quot;:&quot;&quot;,&quot;sizes&quot;:{&quot;start&quot;:0,&quot;end&quot;:100}},&quot;motion_fx_rotateZ_affectedRange&quot;:{&quot;unit&quot;:&quot;%&quot;,&quot;size&quot;:&quot;&quot;,&quot;sizes&quot;:{&quot;start&quot;:0,&quot;end&quot;:100}},&quot;motion_fx_devices&quot;:[&quot;desktop&quot;,&quot;tablet&quot;,&quot;mobile&quot;],&quot;_transform_rotateZ_effect_tablet&quot;:{&quot;unit&quot;:&quot;deg&quot;,&quot;size&quot;:&quot;&quot;,&quot;sizes&quot;:[]},&quot;_transform_rotateZ_effect_mobile&quot;:{&quot;unit&quot;:&quot;deg&quot;,&quot;size&quot;:&quot;&quot;,&quot;sizes&quot;:[]}}\" data-widget_type=\"image.default\">\n\t\t\t\t<div class=\"elementor-widget-container\">\n\t\t\t\t\t\t\t\t\t\t\t\t\t\t\t<img fetchpriority=\"high\" decoding=\"async\" width=\"275\" height=\"1024\" src=\"https:\/\/lesbulles-italia.it\/wp-content\/uploads\/2024\/03\/schizzo4-275x1024.png\" class=\"attachment-large size-large wp-image-336\" alt=\"\" srcset=\"https:\/\/lesbulles-italia.it\/wp-content\/uploads\/2024\/03\/schizzo4-275x1024.png 275w, https:\/\/lesbulles-italia.it\/wp-content\/uploads\/2024\/03\/schizzo4-413x1536.png 413w, https:\/\/lesbulles-italia.it\/wp-content\/uploads\/2024\/03\/schizzo4.png 430w\" sizes=\"(max-width: 275px) 100vw, 275px\" \/>\t\t\t\t\t\t\t\t\t\t\t\t\t\t\t<\/div>\n\t\t\t\t<\/div>\n\t\t\t\t\t<\/div>\n\t\t\t\t<\/div>\n\t\t\t\t<\/div>","protected":false},"excerpt":{"rendered":"<p>Identita&#8217; \/i\u00b7den\u00b7ti\u00b7t\u00e0\/ Il complesso dei dati caratteristici e fondamentali che consentono l&#8217;individuazione o garantiscono autenticit\u00e0 ed unicit\u00e0. L\u2019importanza delle radici, la peculiarit\u00e0 dei terroir, un\u2019interpretazione stilistica riconoscibile e di carattere: questi gli ingredienti principali che cerchiamo in ogni bottiglia selezionata. Ognuna \u00e8 frutto di studio, indagine, scoperta e conoscenza diretta, oltre che da scambio e confronto con i vignaioli. Anche l\u2019aspetto umano \u00e8 importante: ci piace relazionarci a persone con cui ci sentiamo in sintonia, che condividono la nostra stessa visione e una precisa idea di vino. Con grande attenzione, guardiamo alle nuove generazioni, a chi vuole interpretare il proprio percorso in chiave contemporanea, svincolandosi dalle gabbie interpretative del passato. Senza snaturare i progetti, ma accompagnandoli verso il futuro. Ci sentiamo partecipi di una rivoluzione, fatta da giovani talenti che si stanno mettendo in gioco e scrivono pagine nuove. L\u2019obiettivo finale di\u00a0Les Bulles\u00a0\u00e8 quello di creare una proposta originale di Champagne e altre bollicine francesi, da distribuire in Italia a chi cerca il meglio. Sapori e profumi, territori e personaggi capaci di regalare emozioni, accompagnandoci in un viaggio sempre pi\u00f9 autentico ed entusiasmante.<\/p>","protected":false},"author":1,"featured_media":0,"parent":0,"menu_order":0,"comment_status":"closed","ping_status":"closed","template":"","meta":{"footnotes":""},"class_list":["post-303","page","type-page","status-publish","hentry"],"_links":{"self":[{"href":"https:\/\/lesbulles-italia.it\/fr\/wp-json\/wp\/v2\/pages\/303","targetHints":{"allow":["GET"]}}],"collection":[{"href":"https:\/\/lesbulles-italia.it\/fr\/wp-json\/wp\/v2\/pages"}],"about":[{"href":"https:\/\/lesbulles-italia.it\/fr\/wp-json\/wp\/v2\/types\/page"}],"author":[{"embeddable":true,"href":"https:\/\/lesbulles-italia.it\/fr\/wp-json\/wp\/v2\/users\/1"}],"replies":[{"embeddable":true,"href":"https:\/\/lesbulles-italia.it\/fr\/wp-json\/wp\/v2\/comments?post=303"}],"version-history":[{"count":132,"href":"https:\/\/lesbulles-italia.it\/fr\/wp-json\/wp\/v2\/pages\/303\/revisions"}],"predecessor-version":[{"id":1279,"href":"https:\/\/lesbulles-italia.it\/fr\/wp-json\/wp\/v2\/pages\/303\/revisions\/1279"}],"wp:attachment":[{"href":"https:\/\/lesbulles-italia.it\/fr\/wp-json\/wp\/v2\/media?parent=303"}],"curies":[{"name":"wp","href":"https:\/\/api.w.org\/{rel}","templated":true}]}}